{"id":147,"date":"2024-11-16T14:42:40","date_gmt":"2024-11-16T14:42:40","guid":{"rendered":"https:\/\/srbstina-preklady.cz\/?page_id=147"},"modified":"2024-11-23T14:06:24","modified_gmt":"2024-11-23T14:06:24","slug":"uvod","status":"publish","type":"page","link":"https:\/\/srbstina-preklady.cz\/o-mne\/","title":{"rendered":"\u00davod"},"content":{"rendered":"<p>[et_pb_section fb_built=&#8220;1&#8243; admin_label=&#8220;Header&#8220; _builder_version=&#8220;4.27.3&#8243; _module_preset=&#8220;default&#8220; background_color=&#8220;gcid-8544a4e2-27b8-420a-83de-1cee04f2fb29&#8243; collapsed=&#8220;on&#8220; global_colors_info=&#8220;{%22gcid-8544a4e2-27b8-420a-83de-1cee04f2fb29%22:%91%22background_color%22%93}&#8220; theme_builder_area=&#8220;post_content&#8220;][et_pb_row column_structure=&#8220;1_2,1_2&#8243; _builder_version=&#8220;4.27.3&#8243; _module_preset=&#8220;default&#8220; global_colors_info=&#8220;{}&#8220; theme_builder_area=&#8220;post_content&#8220;][et_pb_column type=&#8220;1_2&#8243; _builder_version=&#8220;4.25.1&#8243; _module_preset=&#8220;default&#8220; global_colors_info=&#8220;{}&#8220; theme_builder_area=&#8220;post_content&#8220;][et_pb_image src=&#8220;https:\/\/srbstina-preklady.cz\/wp-content\/uploads\/2024\/11\/naslovna.jpg&#8220; title_text=&#8220;naslovna&#8220; _builder_version=&#8220;4.27.3&#8243; _module_preset=&#8220;default&#8220; width=&#8220;50%&#8220; custom_padding=&#8220;||3px|||&#8220; filter_sepia=&#8220;30%&#8220; border_radii=&#8220;on|500px|500px|500px|500px&#8220; global_colors_info=&#8220;{}&#8220; theme_builder_area=&#8220;post_content&#8220;][\/et_pb_image][et_pb_divider show_divider=&#8220;off&#8220; _builder_version=&#8220;4.25.1&#8243; _module_preset=&#8220;default&#8220; background_color=&#8220;gcid-bcc99e3b-722a-4dba-85e5-49c6d1592562&#8243; positioning=&#8220;absolute&#8220; width=&#8220;90px&#8220; width_tablet=&#8220;90px&#8220; width_phone=&#8220;60px&#8220; width_last_edited=&#8220;on|desktop&#8220; height=&#8220;90px&#8220; height_tablet=&#8220;90px&#8220; height_phone=&#8220;60px&#8220; height_last_edited=&#8220;on|desktop&#8220; border_radii=&#8220;on|500px|500px|500px|500px&#8220; global_colors_info=&#8220;{%22gcid-bcc99e3b-722a-4dba-85e5-49c6d1592562%22:%91%22background_color%22,%22background_color%22,%22background_color%22%93}&#8220; theme_builder_area=&#8220;post_content&#8220;][\/et_pb_divider][\/et_pb_column][et_pb_column type=&#8220;1_2&#8243; _builder_version=&#8220;4.25.1&#8243; _module_preset=&#8220;default&#8220; global_colors_info=&#8220;{}&#8220; theme_builder_area=&#8220;post_content&#8220;][et_pb_divider color=&#8220;rgba(0,0,0,0.14)&#8220; divider_position=&#8220;center&#8220; divider_weight=&#8220;2px&#8220; _builder_version=&#8220;4.25.1&#8243; _module_preset=&#8220;default&#8220; custom_margin=&#8220;||10px||false|false&#8220; locked=&#8220;off&#8220; global_colors_info=&#8220;{}&#8220; theme_builder_area=&#8220;post_content&#8220;][\/et_pb_divider][et_pb_heading title=&#8220;Mgr. jelena radi\u010danin&#8220; _builder_version=&#8220;4.25.1&#8243; _module_preset=&#8220;b3fdb09a-4e55-4131-a317-24676b3e8879&#8243; title_text_color=&#8220;gcid-fa3e187d-20a7-4c5a-962d-49a38117a4cc&#8220; global_colors_info=&#8220;{%22gcid-fa3e187d-20a7-4c5a-962d-49a38117a4cc%22:%91%22title_text_color%22%93}&#8220; theme_builder_area=&#8220;post_content&#8220;][\/et_pb_heading][et_pb_text _builder_version=&#8220;4.27.3&#8243; _module_preset=&#8220;2f7e323f-91d5-49b7-b420-41bbdee10239&#8243; custom_margin=&#8220;||0px||false|false&#8220; global_colors_info=&#8220;{}&#8220; theme_builder_area=&#8220;post_content&#8220;][\/et_pb_text][et_pb_text _builder_version=&#8220;4.25.1&#8243; _module_preset=&#8220;2f7e323f-91d5-49b7-b420-41bbdee10239&#8243; custom_margin=&#8220;||0px||false|false&#8220; global_colors_info=&#8220;{}&#8220; theme_builder_area=&#8220;post_content&#8220;]<\/p>\n<p><strong>P\u0159ekladatelsk\u00e9 a tlumo\u010dnick\u00e9 slu\u017eby<\/strong><\/p>\n<p>[\/et_pb_text][et_pb_text _builder_version=&#8220;4.27.3&#8243; _module_preset=&#8220;2f7e323f-91d5-49b7-b420-41bbdee10239&#8243; custom_margin=&#8220;||0px||false|false&#8220; custom_padding=&#8220;21px|||||&#8220; global_colors_info=&#8220;{}&#8220; theme_builder_area=&#8220;post_content&#8220;]<\/p>\n<p><strong>Soudn\u00ed p\u0159ekladatelka a tlumo\u010dnice jazyka srbsk\u00e9ho<\/strong><\/p>\n<p>[\/et_pb_text][et_pb_button button_url=&#8220;@ET-DC@eyJkeW5hbWljIjp0cnVlLCJjb250ZW50IjoicG9zdF9saW5rX3VybF9wYWdlIiwic2V0dGluZ3MiOnsicG9zdF9pZCI6IjEwIn19@&#8220; button_text=&#8220;Kontaktn\u00ed \u00fadaje&#8220; _builder_version=&#8220;4.27.3&#8243; _dynamic_attributes=&#8220;button_url&#8220; _module_preset=&#8220;fb5a7b10-2ca5-42a4-970b-2c1d72ab9d78&#8243; custom_margin=&#8220;30px||||false|false&#8220; global_colors_info=&#8220;{}&#8220; theme_builder_area=&#8220;post_content&#8220;][\/et_pb_button][\/et_pb_column][\/et_pb_row][et_pb_row _builder_version=&#8220;4.27.3&#8243; _module_preset=&#8220;default&#8220; border_width_top=&#8220;2px&#8220; locked=&#8220;off&#8220; global_colors_info=&#8220;{}&#8220; theme_builder_area=&#8220;post_content&#8220;][et_pb_column type=&#8220;4_4&#8243; _builder_version=&#8220;4.25.1&#8243; _module_preset=&#8220;default&#8220; global_colors_info=&#8220;{}&#8220; theme_builder_area=&#8220;post_content&#8220;][et_pb_heading _builder_version=&#8220;4.27.3&#8243; _module_preset=&#8220;adb74c98-7739-4ce0-bc09-6ebdae98a1a4&#8243; max_width=&#8220;700px&#8220; custom_padding=&#8220;20px||||false|false&#8220; locked=&#8220;off&#8220; global_colors_info=&#8220;{}&#8220; theme_builder_area=&#8220;post_content&#8220;][\/et_pb_heading][\/et_pb_column][\/et_pb_row][\/et_pb_section][et_pb_section fb_built=&#8220;1&#8243; admin_label=&#8220;Video&#8220; _builder_version=&#8220;4.25.1&#8243; _module_preset=&#8220;default&#8220; custom_padding=&#8220;0px||0px||true|false&#8220; collapsed=&#8220;on&#8220; global_colors_info=&#8220;{}&#8220; theme_builder_area=&#8220;post_content&#8220;][\/et_pb_section][et_pb_section fb_built=&#8220;1&#8243; admin_label=&#8220;About&#8220; _builder_version=&#8220;4.27.3&#8243; _module_preset=&#8220;default&#8220; collapsed=&#8220;on&#8220; global_colors_info=&#8220;{}&#8220; theme_builder_area=&#8220;post_content&#8220;][et_pb_row _builder_version=&#8220;4.27.3&#8243; _module_preset=&#8220;default&#8220; global_colors_info=&#8220;{}&#8220; theme_builder_area=&#8220;post_content&#8220;][et_pb_column type=&#8220;4_4&#8243; _builder_version=&#8220;4.27.3&#8243; _module_preset=&#8220;default&#8220; global_colors_info=&#8220;{}&#8220; theme_builder_area=&#8220;post_content&#8220;][et_pb_image src=&#8220;https:\/\/srbstina-preklady.cz\/wp-content\/uploads\/2024\/11\/naslovna.JPGmala.jpg&#8220; title_text=&#8220;naslovna.JPGmala&#8220; align=&#8220;center&#8220; _builder_version=&#8220;4.27.3&#8243; _module_preset=&#8220;default&#8220; max_width=&#8220;100px&#8220; max_height=&#8220;100px&#8220; filter_sepia=&#8220;24%&#8220; border_radii=&#8220;on|500px|500px|500px|500px&#8220; global_colors_info=&#8220;{}&#8220; theme_builder_area=&#8220;post_content&#8220;][\/et_pb_image][et_pb_heading title=&#8220;o mn\u011b&#8220; _builder_version=&#8220;4.25.1&#8243; _module_preset=&#8220;b3fdb09a-4e55-4131-a317-24676b3e8879&#8243; title_text_align=&#8220;center&#8220; title_text_color=&#8220;gcid-bcc99e3b-722a-4dba-85e5-49c6d1592562&#8243; global_colors_info=&#8220;{%22gcid-bcc99e3b-722a-4dba-85e5-49c6d1592562%22:%91%22title_text_color%22%93}&#8220; theme_builder_area=&#8220;post_content&#8220;][\/et_pb_heading][et_pb_heading _builder_version=&#8220;4.25.1&#8243; _module_preset=&#8220;8b02c12f-1c8a-410d-850b-dbfb42d38f46&#8243; title_text_align=&#8220;center&#8220; title_text_color=&#8220;gcid-fa3e187d-20a7-4c5a-962d-49a38117a4cc&#8220; global_colors_info=&#8220;{%22gcid-fa3e187d-20a7-4c5a-962d-49a38117a4cc%22:%91%22title_text_color%22%93}&#8220; theme_builder_area=&#8220;post_content&#8220;][\/et_pb_heading][\/et_pb_column][\/et_pb_row][et_pb_row _builder_version=&#8220;4.27.3&#8243; _module_preset=&#8220;default&#8220; global_colors_info=&#8220;{}&#8220; theme_builder_area=&#8220;post_content&#8220;][et_pb_column type=&#8220;4_4&#8243; _builder_version=&#8220;4.25.1&#8243; _module_preset=&#8220;default&#8220; global_colors_info=&#8220;{}&#8220; theme_builder_area=&#8220;post_content&#8220;][et_pb_text _builder_version=&#8220;4.25.1&#8243; _module_preset=&#8220;2f7e323f-91d5-49b7-b420-41bbdee10239&#8243; custom_padding=&#8220;||0px|||&#8220; locked=&#8220;off&#8220; global_colors_info=&#8220;{}&#8220; theme_builder_area=&#8220;post_content&#8220;]<\/p>\n<h5 style=\"text-align: justify;\">Nab\u00edz\u00edm p\u0159ekladatelsk\u00e9 a tlumo\u010dnick\u00e9 slu\u017eby mezi srbsk\u00fdm a \u010desk\u00fdm jazykem. <br \/>P\u0159eklad\u016fm a tlumo\u010den\u00ed se profesion\u00e1ln\u011b v\u011bnuji ji\u017e \u010dtrn\u00e1ct let, z toho osm let jako soudn\u00ed p\u0159ekladatelka a tlumo\u010dnice. Ve sv\u00e9 dosavadn\u00ed praxi jsem m\u011bla mo\u017enost se zorientovat v terminologii r\u016fzn\u00fdch obor\u016f\u00a0 a spektrum sv\u00fdch znalosti d\u00edky sv\u00e9 pr\u00e1ci st\u00e1le roz\u0161i\u0159uji.\u00a0<\/h5>\n<p style=\"text-align: justify;\">Moje slu\u017eby vyu\u017e\u00edvaj\u00ed st\u00e1tn\u00ed instituce, jako jsou soudy, st\u00e1tn\u00ed zastupitelstv\u00ed a policie, stejn\u011b tak advok\u00e1tn\u00ed a not\u00e1\u0159sk\u00e9 kancel\u00e1\u0159e, p\u0159ekladatelsk\u00e9 agentury, obchodn\u00ed spole\u010dnosti i soukrom\u00e9 osoby.<\/p>\n<p>[\/et_pb_text][\/et_pb_column][\/et_pb_row][et_pb_row _builder_version=&#8220;4.25.1&#8243; _module_preset=&#8220;default&#8220; global_colors_info=&#8220;{}&#8220; theme_builder_area=&#8220;post_content&#8220;][et_pb_column type=&#8220;4_4&#8243; _builder_version=&#8220;4.25.1&#8243; _module_preset=&#8220;default&#8220; global_colors_info=&#8220;{}&#8220; theme_builder_area=&#8220;post_content&#8220;][et_pb_button button_url=&#8220;@ET-DC@eyJkeW5hbWljIjp0cnVlLCJjb250ZW50IjoicG9zdF9saW5rX3VybF9wYWdlIiwic2V0dGluZ3MiOnsicG9zdF9pZCI6IjE0In19@&#8220; button_text=&#8220;v\u00edce&#8220; button_alignment=&#8220;center&#8220; _builder_version=&#8220;4.27.3&#8243; _dynamic_attributes=&#8220;button_url&#8220; _module_preset=&#8220;83fb7a83-6e85-4f03-b5e8-866298f0e3ab&#8220; global_colors_info=&#8220;{}&#8220; theme_builder_area=&#8220;post_content&#8220;][\/et_pb_button][\/et_pb_column][\/et_pb_row][\/et_pb_section][et_pb_section fb_built=&#8220;1&#8243; admin_label=&#8220;Services&#8220; _builder_version=&#8220;4.25.1&#8243; _module_preset=&#8220;default&#8220; collapsed=&#8220;on&#8220; global_colors_info=&#8220;{}&#8220; theme_builder_area=&#8220;post_content&#8220;][et_pb_row _builder_version=&#8220;4.25.1&#8243; _module_preset=&#8220;default&#8220; global_colors_info=&#8220;{}&#8220; theme_builder_area=&#8220;post_content&#8220;][et_pb_column type=&#8220;4_4&#8243; _builder_version=&#8220;4.25.1&#8243; _module_preset=&#8220;default&#8220; global_colors_info=&#8220;{}&#8220; theme_builder_area=&#8220;post_content&#8220;][et_pb_heading title=&#8220;Slu\u017eby&#8220; _builder_version=&#8220;4.25.1&#8243; _module_preset=&#8220;8b02c12f-1c8a-410d-850b-dbfb42d38f46&#8243; title_text_align=&#8220;center&#8220; custom_margin=&#8220;||||false|false&#8220; global_colors_info=&#8220;{}&#8220; theme_builder_area=&#8220;post_content&#8220;][\/et_pb_heading][\/et_pb_column][\/et_pb_row][et_pb_row column_structure=&#8220;1_3,1_3,1_3&#8243; make_equal=&#8220;on&#8220; custom_padding_last_edited=&#8220;on|tablet&#8220; _builder_version=&#8220;4.27.3&#8243; _module_preset=&#8220;default&#8220; max_width=&#8220;70%&#8220; custom_margin=&#8220;|auto||auto|false|true&#8220; custom_padding=&#8220;||||false|true&#8220; custom_padding_tablet=&#8220;||0px||false|false&#8220; custom_padding_phone=&#8220;||0px||false|false&#8220; global_colors_info=&#8220;{}&#8220; theme_builder_area=&#8220;post_content&#8220;][et_pb_column type=&#8220;1_3&#8243; _builder_version=&#8220;4.25.1&#8243; _module_preset=&#8220;default&#8220; custom_padding=&#8220;40px|40px|40px|40px|true|true&#8220; custom_padding_tablet=&#8220;30px|30px|30px|30px|true|true&#8220; custom_padding_phone=&#8220;20px|20px|20px|20px|true|true&#8220; custom_padding_last_edited=&#8220;on|desktop&#8220; border_width_all=&#8220;1px&#8220; border_color_all=&#8220;gcid-bcc99e3b-722a-4dba-85e5-49c6d1592562&#8243; global_colors_info=&#8220;{%22gcid-bcc99e3b-722a-4dba-85e5-49c6d1592562%22:%91%22border_color_all%22%93}&#8220; theme_builder_area=&#8220;post_content&#8220;][et_pb_heading title=&#8220;P\u0159eklady&#8220; _builder_version=&#8220;4.25.1&#8243; _module_preset=&#8220;acc765de-4d7b-47a6-96f3-704148d0e4a1&#8243; custom_margin=&#8220;||0px||false|false&#8220; global_colors_info=&#8220;{}&#8220; theme_builder_area=&#8220;post_content&#8220;][\/et_pb_heading][et_pb_text _builder_version=&#8220;4.27.3&#8243; _module_preset=&#8220;63749a3c-e10b-4480-9991-74d6dd850a66&#8243; custom_padding=&#8220;||0px|||&#8220; global_colors_info=&#8220;{%22gcid-bcc99e3b-722a-4dba-85e5-49c6d1592562%22:%91%22link_text_color%22,%22quote_border_color%22,%22link_text_color%22,%22quote_border_color%22%93,%22gcid-fa3e187d-20a7-4c5a-962d-49a38117a4cc%22:%91%22text_text_color%22%93}&#8220; theme_builder_area=&#8220;post_content&#8220;]<\/p>\n<p>B\u011b\u017en\u00e9 p\u0159eklady a soudn\u00ed p\u0159eklady opat\u0159en\u00e9 \u00fa\u0159edn\u00edm raz\u00edtkem mezi \u010desk\u00fdm a srbsk\u00fdm jazykem.<\/p>\n<p>[\/et_pb_text][et_pb_button button_url=&#8220;@ET-DC@eyJkeW5hbWljIjp0cnVlLCJjb250ZW50IjoicG9zdF9saW5rX3VybF9wYWdlIiwic2V0dGluZ3MiOnsicG9zdF9pZCI6IjEyIn19@&#8220; button_text=&#8220;V\u00edce&#8220; _builder_version=&#8220;4.27.3&#8243; _dynamic_attributes=&#8220;button_url&#8220; _module_preset=&#8220;83fb7a83-6e85-4f03-b5e8-866298f0e3ab&#8220; global_colors_info=&#8220;{}&#8220; theme_builder_area=&#8220;post_content&#8220;][\/et_pb_button][\/et_pb_column][et_pb_column type=&#8220;1_3&#8243; _builder_version=&#8220;4.25.1&#8243; _module_preset=&#8220;default&#8220; custom_padding=&#8220;40px|40px|40px|40px|true|true&#8220; custom_padding_tablet=&#8220;30px|30px|30px|30px|true|true&#8220; custom_padding_phone=&#8220;20px|20px|20px|20px|true|true&#8220; custom_padding_last_edited=&#8220;on|desktop&#8220; border_width_all=&#8220;1px&#8220; border_color_all=&#8220;gcid-bcc99e3b-722a-4dba-85e5-49c6d1592562&#8243; global_colors_info=&#8220;{%22gcid-bcc99e3b-722a-4dba-85e5-49c6d1592562%22:%91%22border_color_all%22%93}&#8220; theme_builder_area=&#8220;post_content&#8220;][et_pb_heading title=&#8220;Tlumo\u010den\u00ed&#8220; _builder_version=&#8220;4.25.1&#8243; _module_preset=&#8220;acc765de-4d7b-47a6-96f3-704148d0e4a1&#8243; custom_margin=&#8220;||0px||false|false&#8220; global_colors_info=&#8220;{}&#8220; theme_builder_area=&#8220;post_content&#8220;][\/et_pb_heading][et_pb_text _builder_version=&#8220;4.25.1&#8243; _module_preset=&#8220;63749a3c-e10b-4480-9991-74d6dd850a66&#8243; global_colors_info=&#8220;{%22gcid-bcc99e3b-722a-4dba-85e5-49c6d1592562%22:%91%22link_text_color%22,%22quote_border_color%22,%22link_text_color%22,%22quote_border_color%22,%22link_text_color%22,%22quote_border_color%22,%22link_text_color%22,%22quote_border_color%22%93,%22gcid-fa3e187d-20a7-4c5a-962d-49a38117a4cc%22:%91%22text_text_color%22,%22quote_text_color%22,%22text_text_color%22%93}&#8220; theme_builder_area=&#8220;post_content&#8220;]<\/p>\n<p>Tlumo\u010dnick\u00e9 slu\u017eby mezi srbsk\u00fdm a \u010desk\u00fdm jazykem. Obchodn\u00ed, soudn\u00ed, doprovodn\u00e9 tlumo\u010den\u00ed. Konsekutivn\u00ed a simult\u00e1nn\u00ed.<\/p>\n<p>[\/et_pb_text][et_pb_button button_url=&#8220;@ET-DC@eyJkeW5hbWljIjp0cnVlLCJjb250ZW50IjoicG9zdF9saW5rX3VybF9wYWdlIiwic2V0dGluZ3MiOnsicG9zdF9pZCI6IjEyIn19@&#8220; button_text=&#8220;v\u00edce&#8220; _builder_version=&#8220;4.27.3&#8243; _dynamic_attributes=&#8220;button_url&#8220; _module_preset=&#8220;83fb7a83-6e85-4f03-b5e8-866298f0e3ab&#8220; global_colors_info=&#8220;{}&#8220; theme_builder_area=&#8220;post_content&#8220;][\/et_pb_button][\/et_pb_column][et_pb_column type=&#8220;1_3&#8243; _builder_version=&#8220;4.25.1&#8243; _module_preset=&#8220;default&#8220; custom_padding=&#8220;40px|40px|40px|40px|true|true&#8220; custom_padding_tablet=&#8220;30px|30px|30px|30px|true|true&#8220; custom_padding_phone=&#8220;20px|20px|20px|20px|true|true&#8220; custom_padding_last_edited=&#8220;on|desktop&#8220; border_width_all=&#8220;1px&#8220; border_color_all=&#8220;gcid-bcc99e3b-722a-4dba-85e5-49c6d1592562&#8243; global_colors_info=&#8220;{%22gcid-bcc99e3b-722a-4dba-85e5-49c6d1592562%22:%91%22border_color_all%22%93}&#8220; theme_builder_area=&#8220;post_content&#8220;][et_pb_heading title=&#8220;Elektronick\u00e9 soudn\u00ed p\u0159eklady&#8220; _builder_version=&#8220;4.25.1&#8243; _module_preset=&#8220;acc765de-4d7b-47a6-96f3-704148d0e4a1&#8243; custom_margin=&#8220;||0px||false|false&#8220; global_colors_info=&#8220;{%22gcid-fa3e187d-20a7-4c5a-962d-49a38117a4cc%22:%91%22title_text_color%22%93}&#8220; theme_builder_area=&#8220;post_content&#8220;][\/et_pb_heading][et_pb_text _builder_version=&#8220;4.25.1&#8243; _module_preset=&#8220;63749a3c-e10b-4480-9991-74d6dd850a66&#8243; global_colors_info=&#8220;{%22gcid-bcc99e3b-722a-4dba-85e5-49c6d1592562%22:%91%22link_text_color%22,%22quote_border_color%22,%22link_text_color%22,%22quote_border_color%22%93,%22gcid-fa3e187d-20a7-4c5a-962d-49a38117a4cc%22:%91%22quote_text_color%22%93}&#8220; theme_builder_area=&#8220;post_content&#8220;]<\/p>\n<p>Elektronick\u00e1 alternativa klasick\u00e9ho listinn\u00e9ho p\u0159ekladu se stejnou mo\u017enost\u00ed pou\u017eit\u00ed a stejnou pr\u00e1vn\u00ed v\u00e1hou.<\/p>\n<p>[\/et_pb_text][et_pb_button button_url=&#8220;@ET-DC@eyJkeW5hbWljIjp0cnVlLCJjb250ZW50IjoicG9zdF9saW5rX3VybF9wYWdlIiwic2V0dGluZ3MiOnsicG9zdF9pZCI6IjEyIn19@&#8220; button_text=&#8220;v\u00edce&#8220; _builder_version=&#8220;4.27.3&#8243; _dynamic_attributes=&#8220;button_url&#8220; _module_preset=&#8220;83fb7a83-6e85-4f03-b5e8-866298f0e3ab&#8220; global_colors_info=&#8220;{}&#8220; theme_builder_area=&#8220;post_content&#8220;][\/et_pb_button][\/et_pb_column][\/et_pb_row][\/et_pb_section]<\/p>\n","protected":false},"excerpt":{"rendered":"<p>P\u0159ekladatelsk\u00e9 a tlumo\u010dnick\u00e9 slu\u017ebySoudn\u00ed p\u0159ekladatelka a tlumo\u010dnice jazyka srbsk\u00e9hoNab\u00edz\u00edm p\u0159ekladatelsk\u00e9 a tlumo\u010dnick\u00e9 slu\u017eby mezi srbsk\u00fdm a \u010desk\u00fdm jazykem. P\u0159eklad\u016fm a tlumo\u010den\u00ed se profesion\u00e1ln\u011b v\u011bnuji ji\u017e \u010dtrn\u00e1ct let, z toho osm let jako soudn\u00ed p\u0159ekladatelka a tlumo\u010dnice. Ve sv\u00e9 dosavadn\u00ed praxi jsem m\u011bla mo\u017enost se zorientovat v terminologii r\u016fzn\u00fdch obor\u016f\u00a0 a spektrum sv\u00fdch znalosti d\u00edky sv\u00e9 [&hellip;]<\/p>\n","protected":false},"author":1,"featured_media":0,"parent":0,"menu_order":0,"comment_status":"closed","ping_status":"closed","template":"","meta":{"_et_pb_use_builder":"on","_et_pb_old_content":"","_et_gb_content_width":"","footnotes":""},"class_list":["post-147","page","type-page","status-publish","hentry"],"_links":{"self":[{"href":"https:\/\/srbstina-preklady.cz\/o-mne\/wp-json\/wp\/v2\/pages\/147"}],"collection":[{"href":"https:\/\/srbstina-preklady.cz\/o-mne\/wp-json\/wp\/v2\/pages"}],"about":[{"href":"https:\/\/srbstina-preklady.cz\/o-mne\/wp-json\/wp\/v2\/types\/page"}],"author":[{"embeddable":true,"href":"https:\/\/srbstina-preklady.cz\/o-mne\/wp-json\/wp\/v2\/users\/1"}],"replies":[{"embeddable":true,"href":"https:\/\/srbstina-preklady.cz\/o-mne\/wp-json\/wp\/v2\/comments?post=147"}],"version-history":[{"count":24,"href":"https:\/\/srbstina-preklady.cz\/o-mne\/wp-json\/wp\/v2\/pages\/147\/revisions"}],"predecessor-version":[{"id":396,"href":"https:\/\/srbstina-preklady.cz\/o-mne\/wp-json\/wp\/v2\/pages\/147\/revisions\/396"}],"wp:attachment":[{"href":"https:\/\/srbstina-preklady.cz\/o-mne\/wp-json\/wp\/v2\/media?parent=147"}],"curies":[{"name":"wp","href":"https:\/\/api.w.org\/{rel}","templated":true}]}}